{"id":592,"date":"2024-04-02T14:02:19","date_gmt":"2024-04-02T14:02:19","guid":{"rendered":"https:\/\/wishlist.kontra.page\/?page_id=592"},"modified":"2025-10-17T10:29:40","modified_gmt":"2025-10-17T10:29:40","slug":"naslovnica","status":"publish","type":"page","link":"https:\/\/wishlist.kontra.page\/hr\/","title":{"rendered":"Naslovnica"},"content":{"rendered":"\n<p>Ovo je primjer stranice. Razlikuje se od objave na blogu jer \u0107e ostati na jednom mjestu i prikazivat \u0107e se u navigaciji va\u0161e web-lokacije (u ve\u0107ini tema).<\/p>\n","protected":false},"excerpt":{"rendered":"<p>Ovo je primjer stranice. Razlikuje se od objave na blogu jer \u0107e ostati na jednom mjestu i prikazivat \u0107e se u navigaciji va\u0161e web-lokacije (u ve\u0107ini tema).<\/p>\n","protected":false},"author":1,"featured_media":0,"parent":0,"menu_order":1,"comment_status":"closed","ping_status":"closed","template":"","meta":{"_acf_changed":false,"footnotes":""},"class_list":["post-592","page","type-page","status-publish","hentry"],"acf":[],"_links":{"self":[{"href":"https:\/\/wishlist.kontra.page\/hr\/wp-json\/wp\/v2\/pages\/592","targetHints":{"allow":["GET"]}}],"collection":[{"href":"https:\/\/wishlist.kontra.page\/hr\/wp-json\/wp\/v2\/pages"}],"about":[{"href":"https:\/\/wishlist.kontra.page\/hr\/wp-json\/wp\/v2\/types\/page"}],"author":[{"embeddable":true,"href":"https:\/\/wishlist.kontra.page\/hr\/wp-json\/wp\/v2\/users\/1"}],"replies":[{"embeddable":true,"href":"https:\/\/wishlist.kontra.page\/hr\/wp-json\/wp\/v2\/comments?post=592"}],"version-history":[{"count":1,"href":"https:\/\/wishlist.kontra.page\/hr\/wp-json\/wp\/v2\/pages\/592\/revisions"}],"predecessor-version":[{"id":878,"href":"https:\/\/wishlist.kontra.page\/hr\/wp-json\/wp\/v2\/pages\/592\/revisions\/878"}],"wp:attachment":[{"href":"https:\/\/wishlist.kontra.page\/hr\/wp-json\/wp\/v2\/media?parent=592"}],"curies":[{"name":"wp","href":"https:\/\/api.w.org\/{rel}","templated":true}]}}